{"id":22103,"date":"2016-03-10T18:52:12","date_gmt":"2016-03-10T18:52:12","guid":{"rendered":"https:\/\/remaxatlantis.com\/index.php\/datenschutzbestimmungen\/"},"modified":"2016-03-10T18:52:12","modified_gmt":"2016-03-10T18:52:12","slug":"datenschutzbestimmungen","status":"publish","type":"page","link":"https:\/\/remaxatlantis.com\/de\/index.php\/datenschutzbestimmungen\/","title":{"rendered":"Datenschutzbestimmungen"},"content":{"rendered":"<p>In \u00dcbereinstimmung mit den geltenden Vorschriften zum Schutz personenbezogener Daten informieren wir Sie dar\u00fcber, dass Ihre Daten in das Verarbeitungssystem von RE\/ MAX Atlantis mit Sitz an der Plaza Internacional, Sos\u00faa, Rep. Dom aufgenommen werden, um Ihre Fragen zu beantworten und Ihnen relevante Informationen zuzusenden, die Sie interessieren k\u00f6nnten. In \u00dcbereinstimmung mit den geltenden Vorschriften informiert RE\/MAX Atlantis, dass die Daten f\u00fcr einen Zeitraum gespeichert werden, der unbedingt erforderlich ist, um die oben genannten Vorschriften zu erf\u00fcllen.<\/p>\n<p>Solange Sie uns nichts anderes mitteilen, gehen wir davon aus, dass Ihre Daten nicht ge\u00e4ndert wurden, dass Sie damit einverstanden sind, uns \u00c4nderungen mitzuteilen, und dass wir Ihr Einverst\u00e4ndnis haben, sie f\u00fcr die oben genannten Zwecke zu verwenden.<\/p>\n<p>RE\/MAX Atlantis teilt mit, dass es die Daten weiterhin auf rechtm\u00e4\u00dfige, loyale, transparente, angemessene, geeignete, begrenzte, genaue und aktuelle Weise verarbeiten wird. Deshalb verpflichtet sich RE\/MAX Atlantis, alle angemessenen Ma\u00dfnahmen zu ergreifen, um sie unverz\u00fcglich zu entfernen oder zu korrigieren, wenn sie unrichtig sind.<\/p>\n<p>Gem\u00e4\u00df den in den geltenden Datenschutzvorschriften gew\u00e4hrten Rechten k\u00f6nnen Sie das Recht auf Auskunft, Berichtigung, Einschr\u00e4nkung der Verarbeitung, L\u00f6schung, \u00dcbertragbarkeit und Widerspruch gegen die Verarbeitung Ihrer personenbezogenen Daten sowie die Zustimmung zu deren Verarbeitung aus\u00fcben, indem Sie Ihren Antrag an die oben genannte Postanschrift oder per E-Mail senden.<\/p>\n<p>Im Gegenzug informieren wir Sie dar\u00fcber, dass Sie sich an den Datenschutzbeauftragten von RE\/MAX Atlantis wenden k\u00f6nnen, indem Sie an die E-Mail-Adresse <a href=\"mailto:yu*****@***********is.com\" data-original-string=\"CrCKqRAIioZyeGMgIv6jXg==9ccIJq7emNgOTdfM+SLg0fYtIgVHAyWbRCX9qah4885R8A=\" title=\"Dieser Kontakt wurde von Anti-Spam by CleanTalk verschl\u00fcsselt. Klicken Sie hier, um ihn zu entschl\u00fcsseln. Um die Entschl\u00fcsselung abzuschlie\u00dfen, stellen Sie sicher, dass JavaScript in Ihrem Browser aktiviert ist.\"><span \n                data-original-string='F6cDhUpp5DEqEZwMmCOY1Q==9ccPovrpeSffOh3sCTY8TSKhMw+DrawF+3g4HT\/AO5VV5E='\n                class='apbct-email-encoder'\n                title='Dieser Kontakt wurde von Anti-Spam by CleanTalk verschl\u00fcsselt. Klicken Sie hier, um ihn zu entschl\u00fcsseln. Um die Entschl\u00fcsselung abzuschlie\u00dfen, stellen Sie sicher, dass JavaScript in Ihrem Browser aktiviert ist.'>yu<span class=\"apbct-blur\">*****<\/span>@<span class=\"apbct-blur\">***********<\/span>is.com<\/span><\/a> oder <a href=\"tel:\">+1 (849)222 2999<\/a> schreiben.<\/p>\n<p>Sie k\u00f6nnen sich an die zust\u00e4ndige Aufsichtsbeh\u00f6rde wenden, um eine Beschwerde einzureichen, die Sie f\u00fcr angemessen halten. Mit dem Absenden des Datenerfassungsformulars akzeptieren Sie die Datenschutzbestimmungen von RE\/MAX Atlantis.<\/p>\n","protected":false},"excerpt":{"rendered":"<p>In \u00dcbereinstimmung mit den geltenden Vorschriften zum Schutz personenbezogener Daten informieren wir Sie dar\u00fcber, dass Ihre Daten in das Verarbeitungssystem von RE\/ MAX Atlantis mit Sitz an der Plaza Internacional, Sos\u00faa, Rep. Dom aufgenommen werden, um Ihre Fragen zu beantworten und Ihnen relevante Informationen zuzusenden, die Sie interessieren k\u00f6nnten. In \u00dcbereinstimmung mit den geltenden Vorschriften [&hellip;]<\/p>\n","protected":false},"author":417,"featured_media":0,"parent":0,"menu_order":0,"comment_status":"closed","ping_status":"closed","template":"template\/template-page.php","meta":{"content-type":"","om_disable_all_campaigns":false,"_monsterinsights_skip_tracking":false,"_monsterinsights_sitenote_active":false,"_monsterinsights_sitenote_note":"","_monsterinsights_sitenote_category":0,"_uf_show_specific_survey":0,"_uf_disable_surveys":false,"footnotes":""},"class_list":["post-22103","page","type-page","status-publish","hentry"],"aioseo_notices":[],"jetpack_sharing_enabled":true,"_links":{"self":[{"href":"https:\/\/remaxatlantis.com\/de\/index.php\/wp-json\/wp\/v2\/pages\/22103","targetHints":{"allow":["GET"]}}],"collection":[{"href":"https:\/\/remaxatlantis.com\/de\/index.php\/wp-json\/wp\/v2\/pages"}],"about":[{"href":"https:\/\/remaxatlantis.com\/de\/index.php\/wp-json\/wp\/v2\/types\/page"}],"author":[{"embeddable":true,"href":"https:\/\/remaxatlantis.com\/de\/index.php\/wp-json\/wp\/v2\/users\/417"}],"replies":[{"embeddable":true,"href":"https:\/\/remaxatlantis.com\/de\/index.php\/wp-json\/wp\/v2\/comments?post=22103"}],"version-history":[{"count":0,"href":"https:\/\/remaxatlantis.com\/de\/index.php\/wp-json\/wp\/v2\/pages\/22103\/revisions"}],"wp:attachment":[{"href":"https:\/\/remaxatlantis.com\/de\/index.php\/wp-json\/wp\/v2\/media?parent=22103"}],"curies":[{"name":"wp","href":"https:\/\/api.w.org\/{rel}","templated":true}]}}