{"id":22101,"date":"2016-03-10T18:52:12","date_gmt":"2016-03-10T18:52:12","guid":{"rendered":"https:\/\/remaxatlantis.com\/index.php\/politica-de-privacidad\/"},"modified":"2016-03-10T18:52:12","modified_gmt":"2016-03-10T18:52:12","slug":"politica-de-privacidad","status":"publish","type":"page","link":"https:\/\/remaxatlantis.com\/index.php\/politica-de-privacidad\/","title":{"rendered":"Pol\u00edtica de privacidad"},"content":{"rendered":"<p>De conformidad con lo dispuesto en la normativa aplicable en materia de protecci\u00f3n de datos de car\u00e1cter personal, le informamos que sus datos ser\u00e1n incorporados al sistema de tratamiento titularidad de RE\/ MAX Atlantis con domicilio social en Plaza Internacional, Sos\u00faa, Rep. Dom para atender sus consultas y enviarle informaci\u00f3n relevante que pueda ser de su inter\u00e9s. De acuerdo con la normativa vigente, RE\/MAX Atlantis informa que los datos ser\u00e1n conservados durante el plazo estrictamente necesario para cumplir con la citada normativa.<\/p>\n<p>Mientras no nos comunique lo contrario, entenderemos que sus datos no han sido modificados, que usted se compromete a notificarnos cualquier variaci\u00f3n y que tenemos su consentimiento para utilizarlos para las finalidades mencionadas.<\/p>\n<p>RE\/MAX Atlantis informa que continuar\u00e1 tratando los datos de forma l\u00edcita, leal, transparente, adecuada, apropiada, limitada, exacta y actualizada. Por ello, RE\/MAX Atlantis se compromete a tomar todas las medidas razonables para que sean eliminados o corregidos sin demora cuando sean inexactos.<\/p>\n<p>De acuerdo con los derechos que le confiere la normativa vigente en materia de protecci\u00f3n de datos, podr\u00e1 ejercer los derechos de acceso, rectificaci\u00f3n, limitaci\u00f3n del tratamiento, supresi\u00f3n, portabilidad y oposici\u00f3n al tratamiento de sus datos personales, as\u00ed como el consentimiento prestado para su tratamiento, enviando su solicitud a la direcci\u00f3n postal indicada anteriormente o por correo electr\u00f3nico.<\/p>\n<p>A su vez, le informamos que puede contactar con el responsable de protecci\u00f3n de datos de RE\/MAX Atlantis escribiendo a la direcci\u00f3n de correo electr\u00f3nico <a href=\"mailto:yu*****@***********is.com\" data-original-string=\"aUnBW3F\/LxoWMLcemYcTxA==9ccgsxQp7kbEwxYSUh4Jkz\/6InoDhi3HWOxFpdIj1dDCWg=\" title=\"Este contacto ha sido codificado por Anti-Spam by CleanTalk. Haz clic para decodificar. Para finalizar la decodificaci\u00f3n, aseg\u00farate de que JavaScript est\u00e1 activado en tu navegador.\"><span \n                data-original-string='FNGcFCfEuUYxB0cxH1qXRw==9ccn8ZO6nw1GJ1fBByKsjQCGBuUcpTVQXlZPe7Xm0pj+Uc='\n                class='apbct-email-encoder'\n                title='Este contacto ha sido codificado por Anti-Spam by CleanTalk. Haz clic para decodificar. Para finalizar la decodificaci\u00f3n, aseg\u00farate de que JavaScript est\u00e1 activado en tu navegador.'>yu<span class=\"apbct-blur\">*****<\/span>@<span class=\"apbct-blur\">***********<\/span>is.com<\/span><\/a> o <a href=\"tel:\"> al +1 (849)222 2999<\/a>.<\/p>\n<p>Puede dirigirse a la autoridad de control competente para presentar la reclamaci\u00f3n que considere oportuna. Al enviar el formulario de recogida de datos, usted acepta la pol\u00edtica de privacidad de RE\/MAX Atlantis.<\/p>\n","protected":false},"excerpt":{"rendered":"<p>De conformidad con lo dispuesto en la normativa aplicable en materia de protecci\u00f3n de datos de car\u00e1cter personal, le informamos que sus datos ser\u00e1n incorporados al sistema de tratamiento titularidad de RE\/ MAX Atlantis con domicilio social en Plaza Internacional, Sos\u00faa, Rep. Dom para atender sus consultas y enviarle informaci\u00f3n relevante que pueda ser de [&hellip;]<\/p>\n","protected":false},"author":417,"featured_media":0,"parent":0,"menu_order":0,"comment_status":"closed","ping_status":"closed","template":"template\/template-page.php","meta":{"content-type":"","om_disable_all_campaigns":false,"_monsterinsights_skip_tracking":false,"_monsterinsights_sitenote_active":false,"_monsterinsights_sitenote_note":"","_monsterinsights_sitenote_category":0,"_uf_show_specific_survey":0,"_uf_disable_surveys":false,"footnotes":""},"class_list":["post-22101","page","type-page","status-publish","hentry"],"aioseo_notices":[],"jetpack_sharing_enabled":true,"_links":{"self":[{"href":"https:\/\/remaxatlantis.com\/index.php\/wp-json\/wp\/v2\/pages\/22101","targetHints":{"allow":["GET"]}}],"collection":[{"href":"https:\/\/remaxatlantis.com\/index.php\/wp-json\/wp\/v2\/pages"}],"about":[{"href":"https:\/\/remaxatlantis.com\/index.php\/wp-json\/wp\/v2\/types\/page"}],"author":[{"embeddable":true,"href":"https:\/\/remaxatlantis.com\/index.php\/wp-json\/wp\/v2\/users\/417"}],"replies":[{"embeddable":true,"href":"https:\/\/remaxatlantis.com\/index.php\/wp-json\/wp\/v2\/comments?post=22101"}],"version-history":[{"count":0,"href":"https:\/\/remaxatlantis.com\/index.php\/wp-json\/wp\/v2\/pages\/22101\/revisions"}],"wp:attachment":[{"href":"https:\/\/remaxatlantis.com\/index.php\/wp-json\/wp\/v2\/media?parent=22101"}],"curies":[{"name":"wp","href":"https:\/\/api.w.org\/{rel}","templated":true}]}}